{"id":3988,"date":"2022-12-02T11:43:13","date_gmt":"2022-12-02T11:43:13","guid":{"rendered":"https:\/\/erma.plus\/?page_id=3988"},"modified":"2022-12-12T08:34:08","modified_gmt":"2022-12-12T08:34:08","slug":"politica-de-privadesa","status":"publish","type":"page","link":"https:\/\/erma.plus\/ca\/politica-de-privadesa\/","title":{"rendered":"Pol\u00edtica de Privadesa"},"content":{"rendered":"<p><section id=\"bt_bb_section69d3e9b866989\" class=\"bt_bb_section bt_bb_color_scheme_1 bt_bb_layout_boxed_1200 bt_bb_vertical_align_top bt_bb_top_spacing_large bt_bb_bottom_spacing_large\" style=\"; --section-primary-color:#ffffff; --section-secondary-color:#191919;;background-color:#134c7d;\" data-bt-override-class=\"{&quot;bt_bb_top_spacing_&quot;:{&quot;current_class&quot;:&quot;bt_bb_top_spacing_large&quot;,&quot;def&quot;:&quot;large&quot;,&quot;xl&quot;:&quot;large&quot;},&quot;bt_bb_bottom_spacing_&quot;:{&quot;current_class&quot;:&quot;bt_bb_bottom_spacing_large&quot;,&quot;def&quot;:&quot;large&quot;,&quot;xl&quot;:&quot;large&quot;}}\"><div class=\"bt_bb_background_image_holder_wrapper\"><div class=\"bt_bb_background_image_holder bt_bb_parallax\"  data-parallax=\"0.7\" data-parallax-offset=\"0\" data-parallax-zoom-start=\"1\" data-parallax-zoom-end=\"1\" data-parallax-blur-start=\"0\" data-parallax-blur-end=\"0\" data-parallax-opacity-start=\"1\" data-parallax-opacity-end=\"1\" style=\" background-image:url(&#039;https:\/\/erma.plus\/wp-content\/uploads\/2022\/09\/abstract-bg-1.jpg&#039;);\"><\/div><\/div><div class=\"bt_bb_port\"><div class=\"bt_bb_cell\"><div class=\"bt_bb_cell_inner\"><div class=\"bt_bb_row \"  data-bt-override-class=\"{}\"><div class=\"bt_bb_row_holder\" ><div  class=\"bt_bb_column col-xxl-12 col-xl-12 col-xs-12 col-sm-12 col-md-12 col-lg-12 bt_bb_vertical_align_top bt_bb_align_left bt_bb_padding_normal bt_bb_animation_fade_in animate\" style=\"; --column-width:12;\" data-width=\"12\" data-bt-override-class=\"{}\"><div class=\"bt_bb_column_content\"><div class=\"bt_bb_column_content_inner\"><div class=\"bt_bb_separator bt_bb_border_style_none bt_bb_top_spacing_ bt_bb_bottom_spacing_normal\" data-bt-override-class=\"{&quot;bt_bb_top_spacing_&quot;:{&quot;current_class&quot;:&quot;bt_bb_top_spacing_&quot;,&quot;def&quot;:&quot;&quot;,&quot;xl&quot;:&quot;&quot;},&quot;bt_bb_bottom_spacing_&quot;:{&quot;current_class&quot;:&quot;bt_bb_bottom_spacing_normal&quot;,&quot;def&quot;:&quot;normal&quot;,&quot;xl&quot;:&quot;normal&quot;}}\"><\/div><header class=\"bt_bb_headline bt_bb_color_scheme_1 bt_bb_dash_top bt_bb_size_large bt_bb_align_inherit\" style=\"; --headline-primary-color:#ffffff; --headline-secondary-color:#191919;\" data-bt-override-class=\"{&quot;bt_bb_size_&quot;:{&quot;current_class&quot;:&quot;bt_bb_size_large&quot;,&quot;def&quot;:&quot;large&quot;,&quot;xl&quot;:&quot;large&quot;},&quot;bt_bb_align_&quot;:{&quot;current_class&quot;:&quot;bt_bb_align_inherit&quot;,&quot;def&quot;:&quot;inherit&quot;,&quot;xl&quot;:&quot;inherit&quot;}}\"><h2 class=\"bt_bb_headline_tag\"><span class=\"bt_bb_headline_content\"><span >POL\u00cdTICA DE PRIVADESA<\/span><\/span><\/h2><\/header><div class=\"bt_bb_separator bt_bb_border_style_none bt_bb_top_spacing_ bt_bb_bottom_spacing_normal\" data-bt-override-class=\"{&quot;bt_bb_top_spacing_&quot;:{&quot;current_class&quot;:&quot;bt_bb_top_spacing_&quot;,&quot;def&quot;:&quot;&quot;,&quot;xl&quot;:&quot;&quot;},&quot;bt_bb_bottom_spacing_&quot;:{&quot;current_class&quot;:&quot;bt_bb_bottom_spacing_normal&quot;,&quot;def&quot;:&quot;normal&quot;,&quot;xl&quot;:&quot;normal&quot;}}\"><\/div><\/div><\/div><\/div><\/div><\/div><\/div><!-- cell_inner --><\/div><!-- cell --><\/div><!-- port --><\/section><section id=\"bt_bb_section69d3e9b866e08\" class=\"bt_bb_section bt_bb_layout_boxed_1200 bt_bb_vertical_align_top bt_bb_top_spacing_medium bt_bb_bottom_spacing_large\"  data-bt-override-class=\"null\"><div class=\"bt_bb_port\"><div class=\"bt_bb_cell\"><div class=\"bt_bb_cell_inner\"><div class=\"bt_bb_row \"  data-bt-override-class=\"{}\"><div class=\"bt_bb_row_holder\" ><div  class=\"bt_bb_column col-xxl-12 col-xl-12 col-xs-12 col-sm-12 col-md-12 col-lg-12 bt_bb_vertical_align_top bt_bb_align_left bt_bb_padding_normal bt_bb_animation_fade_in animate\" style=\"; --column-width:12;\" data-width=\"12\" data-bt-override-class=\"{&quot;bt_bb_align_&quot;:{&quot;current_class&quot;:&quot;bt_bb_align_left&quot;,&quot;def&quot;:&quot;left&quot;,&quot;xl&quot;:&quot;left&quot;},&quot;bt_bb_padding_&quot;:{&quot;current_class&quot;:&quot;bt_bb_padding_normal&quot;,&quot;def&quot;:&quot;normal&quot;,&quot;xl&quot;:&quot;normal&quot;}}\"><div class=\"bt_bb_column_content\"><div class=\"bt_bb_column_content_inner\"><div  class=\"bt_bb_text\" ><\/p>\n<p>En compliment de la Llei Org\u00e0nica 15\/1999 de 13 de Desembre de Protecci\u00f3 de Dades de Car\u00e0cter Personal, mitjan\u00e7ant la present comunicaci\u00f3 Vost\u00e8 queda informat de forma precisa que les seves dades de car\u00e0cter personal que ens pogu\u00e9s facilitar, seran incorporades a un fitxer de dades titularitat d\u2019ERMA PLUS HOTELS, S.L.U. (d\u2019ara endavant ERMA), amb la finalitat de donar resposta a les consultes que l\u2019usuari ens faci arribar a trav\u00e9s del nostre formulari de contacte.<\/p>\n<p>L\u2019interessat \u00e9s l\u2019\u00fanic responsable de la veracitat i de la correcci\u00f3 de les dades facilitades a ERMA, qui per tant queda eximit de qualsevol responsabilitat relacionada amb aquestes dades.<\/p>\n<p>El no emplenament per part de l\u2019Usuari de tots els camps marcats com a obligatoris en els formularis electr\u00f2nics podr\u00e0 comportar que no puguem atendre a la seva sol\u00b7licitud.<br \/>\nQualsevol menor de 14 anys haur\u00e0 d\u2019abstenir-se de facilitar les seves dades de car\u00e0cter personal.<\/p>\n<p>ERMA es compromet al compliment de la seva obligaci\u00f3 de secret de les dades de car\u00e0cter personal i evitar\u00e0 la seva alteraci\u00f3, tractament o acc\u00e9s no autoritzat en tot moment i en cap cas seran cedits a tercers sense el seu consentiment previ.<\/p>\n<p>S\u2019informa que per atendre la tramitaci\u00f3 de les seves sol\u00b7licituds de forma efica\u00e7 i eficient, les seves dades poden ser cedides a les diferents empreses d\u2019ERMA, servint el present av\u00eds legal com a consentiment inequ\u00edvoc, amb l\u2019\u00fanic objectiu de donar compliment a la finalitat anteriorment exposada.<\/p>\n<p>Finalment, informem que en qualsevol moment Vost\u00e8 podr\u00e0 exercitar els drets d\u2019oposici\u00f3, acc\u00e9s, rectificaci\u00f3 i cancel\u00b7laci\u00f3 respecte a les seves dades personals a l\u2019adre\u00e7a de correu electr\u00f2nic info@erma.plus, incloent el nom, cognoms, fotoc\u00f2pia del seu document d\u2019identitat o document identificatiu en vigor, adre\u00e7a de correu electr\u00f2nic i indicaci\u00f3 del dret que s\u2019exerceix.<\/p>\n<p>\n<\/div><\/div><\/div><\/div><\/div><\/div><\/div><!-- cell_inner --><\/div><!-- cell --><\/div><!-- port --><\/section><\/p>\n","protected":false},"excerpt":{"rendered":"","protected":false},"author":1,"featured_media":0,"parent":0,"menu_order":0,"comment_status":"closed","ping_status":"closed","template":"","meta":{"footnotes":""},"class_list":["post-3988","page","type-page","status-publish","hentry"],"yoast_head":"<!-- This site is optimized with the Yoast SEO plugin v27.3 - https:\/\/yoast.com\/product\/yoast-seo-wordpress\/ -->\n<title>Pol\u00edtica de Privadesa | Erma<\/title>\n<meta name=\"robots\" content=\"index, follow, max-snippet:-1, max-image-preview:large, max-video-preview:-1\" \/>\n<link rel=\"canonical\" href=\"https:\/\/erma.plus\/ca\/politica-de-privadesa\/\" \/>\n<meta property=\"og:locale\" content=\"ca_ES\" \/>\n<meta property=\"og:type\" content=\"article\" \/>\n<meta property=\"og:title\" content=\"Pol\u00edtica de Privadesa | Erma\" \/>\n<meta property=\"og:url\" content=\"https:\/\/erma.plus\/ca\/politica-de-privadesa\/\" \/>\n<meta property=\"og:site_name\" content=\"Erma\" \/>\n<meta property=\"article:modified_time\" content=\"2022-12-12T08:34:08+00:00\" \/>\n<meta name=\"twitter:card\" content=\"summary_large_image\" \/>\n<meta name=\"twitter:label1\" content=\"Temps estimat de lectura\" \/>\n\t<meta name=\"twitter:data1\" content=\"4 minuts\" \/>\n<script type=\"application\/ld+json\" class=\"yoast-schema-graph\">{\"@context\":\"https:\\\/\\\/schema.org\",\"@graph\":[{\"@type\":\"WebPage\",\"@id\":\"https:\\\/\\\/erma.plus\\\/ca\\\/politica-de-privadesa\\\/\",\"url\":\"https:\\\/\\\/erma.plus\\\/ca\\\/politica-de-privadesa\\\/\",\"name\":\"Pol\u00edtica de Privadesa | Erma\",\"isPartOf\":{\"@id\":\"https:\\\/\\\/erma.plus\\\/ca\\\/#website\"},\"datePublished\":\"2022-12-02T11:43:13+00:00\",\"dateModified\":\"2022-12-12T08:34:08+00:00\",\"breadcrumb\":{\"@id\":\"https:\\\/\\\/erma.plus\\\/ca\\\/politica-de-privadesa\\\/#breadcrumb\"},\"inLanguage\":\"ca\",\"potentialAction\":[{\"@type\":\"ReadAction\",\"target\":[\"https:\\\/\\\/erma.plus\\\/ca\\\/politica-de-privadesa\\\/\"]}]},{\"@type\":\"BreadcrumbList\",\"@id\":\"https:\\\/\\\/erma.plus\\\/ca\\\/politica-de-privadesa\\\/#breadcrumb\",\"itemListElement\":[{\"@type\":\"ListItem\",\"position\":1,\"name\":\"Portada\",\"item\":\"https:\\\/\\\/erma.plus\\\/ca\\\/\"},{\"@type\":\"ListItem\",\"position\":2,\"name\":\"Pol\u00edtica de Privadesa\"}]},{\"@type\":\"WebSite\",\"@id\":\"https:\\\/\\\/erma.plus\\\/ca\\\/#website\",\"url\":\"https:\\\/\\\/erma.plus\\\/ca\\\/\",\"name\":\"Erma\",\"description\":\"Promocions immobili\u00e0ries\",\"publisher\":{\"@id\":\"https:\\\/\\\/erma.plus\\\/ca\\\/#organization\"},\"potentialAction\":[{\"@type\":\"SearchAction\",\"target\":{\"@type\":\"EntryPoint\",\"urlTemplate\":\"https:\\\/\\\/erma.plus\\\/ca\\\/?s={search_term_string}\"},\"query-input\":{\"@type\":\"PropertyValueSpecification\",\"valueRequired\":true,\"valueName\":\"search_term_string\"}}],\"inLanguage\":\"ca\"},{\"@type\":\"Organization\",\"@id\":\"https:\\\/\\\/erma.plus\\\/ca\\\/#organization\",\"name\":\"Erma\",\"url\":\"https:\\\/\\\/erma.plus\\\/ca\\\/\",\"logo\":{\"@type\":\"ImageObject\",\"inLanguage\":\"ca\",\"@id\":\"https:\\\/\\\/erma.plus\\\/ca\\\/#\\\/schema\\\/logo\\\/image\\\/\",\"url\":\"https:\\\/\\\/erma.plus\\\/wp-content\\\/uploads\\\/2022\\\/09\\\/erma.png\",\"contentUrl\":\"https:\\\/\\\/erma.plus\\\/wp-content\\\/uploads\\\/2022\\\/09\\\/erma.png\",\"width\":277,\"height\":185,\"caption\":\"Erma\"},\"image\":{\"@id\":\"https:\\\/\\\/erma.plus\\\/ca\\\/#\\\/schema\\\/logo\\\/image\\\/\"}}]}<\/script>\n<!-- \/ Yoast SEO plugin. -->","yoast_head_json":{"title":"Pol\u00edtica de Privadesa | Erma","robots":{"index":"index","follow":"follow","max-snippet":"max-snippet:-1","max-image-preview":"max-image-preview:large","max-video-preview":"max-video-preview:-1"},"canonical":"https:\/\/erma.plus\/ca\/politica-de-privadesa\/","og_locale":"ca_ES","og_type":"article","og_title":"Pol\u00edtica de Privadesa | Erma","og_url":"https:\/\/erma.plus\/ca\/politica-de-privadesa\/","og_site_name":"Erma","article_modified_time":"2022-12-12T08:34:08+00:00","twitter_card":"summary_large_image","twitter_misc":{"Temps estimat de lectura":"4 minuts"},"schema":{"@context":"https:\/\/schema.org","@graph":[{"@type":"WebPage","@id":"https:\/\/erma.plus\/ca\/politica-de-privadesa\/","url":"https:\/\/erma.plus\/ca\/politica-de-privadesa\/","name":"Pol\u00edtica de Privadesa | Erma","isPartOf":{"@id":"https:\/\/erma.plus\/ca\/#website"},"datePublished":"2022-12-02T11:43:13+00:00","dateModified":"2022-12-12T08:34:08+00:00","breadcrumb":{"@id":"https:\/\/erma.plus\/ca\/politica-de-privadesa\/#breadcrumb"},"inLanguage":"ca","potentialAction":[{"@type":"ReadAction","target":["https:\/\/erma.plus\/ca\/politica-de-privadesa\/"]}]},{"@type":"BreadcrumbList","@id":"https:\/\/erma.plus\/ca\/politica-de-privadesa\/#breadcrumb","itemListElement":[{"@type":"ListItem","position":1,"name":"Portada","item":"https:\/\/erma.plus\/ca\/"},{"@type":"ListItem","position":2,"name":"Pol\u00edtica de Privadesa"}]},{"@type":"WebSite","@id":"https:\/\/erma.plus\/ca\/#website","url":"https:\/\/erma.plus\/ca\/","name":"Erma","description":"Promocions immobili\u00e0ries","publisher":{"@id":"https:\/\/erma.plus\/ca\/#organization"},"potentialAction":[{"@type":"SearchAction","target":{"@type":"EntryPoint","urlTemplate":"https:\/\/erma.plus\/ca\/?s={search_term_string}"},"query-input":{"@type":"PropertyValueSpecification","valueRequired":true,"valueName":"search_term_string"}}],"inLanguage":"ca"},{"@type":"Organization","@id":"https:\/\/erma.plus\/ca\/#organization","name":"Erma","url":"https:\/\/erma.plus\/ca\/","logo":{"@type":"ImageObject","inLanguage":"ca","@id":"https:\/\/erma.plus\/ca\/#\/schema\/logo\/image\/","url":"https:\/\/erma.plus\/wp-content\/uploads\/2022\/09\/erma.png","contentUrl":"https:\/\/erma.plus\/wp-content\/uploads\/2022\/09\/erma.png","width":277,"height":185,"caption":"Erma"},"image":{"@id":"https:\/\/erma.plus\/ca\/#\/schema\/logo\/image\/"}}]}},"_links":{"self":[{"href":"https:\/\/erma.plus\/ca\/wp-json\/wp\/v2\/pages\/3988","targetHints":{"allow":["GET"]}}],"collection":[{"href":"https:\/\/erma.plus\/ca\/wp-json\/wp\/v2\/pages"}],"about":[{"href":"https:\/\/erma.plus\/ca\/wp-json\/wp\/v2\/types\/page"}],"author":[{"embeddable":true,"href":"https:\/\/erma.plus\/ca\/wp-json\/wp\/v2\/users\/1"}],"replies":[{"embeddable":true,"href":"https:\/\/erma.plus\/ca\/wp-json\/wp\/v2\/comments?post=3988"}],"version-history":[{"count":2,"href":"https:\/\/erma.plus\/ca\/wp-json\/wp\/v2\/pages\/3988\/revisions"}],"predecessor-version":[{"id":4012,"href":"https:\/\/erma.plus\/ca\/wp-json\/wp\/v2\/pages\/3988\/revisions\/4012"}],"wp:attachment":[{"href":"https:\/\/erma.plus\/ca\/wp-json\/wp\/v2\/media?parent=3988"}],"curies":[{"name":"wp","href":"https:\/\/api.w.org\/{rel}","templated":true}]}}