{"id":3980,"date":"2022-12-02T11:42:31","date_gmt":"2022-12-02T11:42:31","guid":{"rendered":"https:\/\/erma.plus\/?page_id=3980"},"modified":"2022-12-02T11:41:37","modified_gmt":"2022-12-02T11:41:37","slug":"politica-de-cookies","status":"publish","type":"page","link":"https:\/\/erma.plus\/ca\/politica-de-cookies\/","title":{"rendered":"Pol\u00edtica de cookies"},"content":{"rendered":"<p><section id=\"bt_bb_section69e7332651f5c\" class=\"bt_bb_section bt_bb_color_scheme_1 bt_bb_layout_boxed_1200 bt_bb_vertical_align_top bt_bb_top_spacing_large bt_bb_bottom_spacing_large\" style=\"; --section-primary-color:#ffffff; --section-secondary-color:#191919;;background-color:#134c7d;\" data-bt-override-class=\"{&quot;bt_bb_top_spacing_&quot;:{&quot;current_class&quot;:&quot;bt_bb_top_spacing_large&quot;,&quot;def&quot;:&quot;large&quot;,&quot;xl&quot;:&quot;large&quot;},&quot;bt_bb_bottom_spacing_&quot;:{&quot;current_class&quot;:&quot;bt_bb_bottom_spacing_large&quot;,&quot;def&quot;:&quot;large&quot;,&quot;xl&quot;:&quot;large&quot;}}\"><div class=\"bt_bb_background_image_holder_wrapper\"><div class=\"bt_bb_background_image_holder bt_bb_parallax\"  data-parallax=\"0.7\" data-parallax-offset=\"0\" data-parallax-zoom-start=\"1\" data-parallax-zoom-end=\"1\" data-parallax-blur-start=\"0\" data-parallax-blur-end=\"0\" data-parallax-opacity-start=\"1\" data-parallax-opacity-end=\"1\" style=\" background-image:url(&#039;https:\/\/erma.plus\/wp-content\/uploads\/2022\/09\/abstract-bg-1.jpg&#039;);\"><\/div><\/div><div class=\"bt_bb_port\"><div class=\"bt_bb_cell\"><div class=\"bt_bb_cell_inner\"><div class=\"bt_bb_row \"  data-bt-override-class=\"{}\"><div class=\"bt_bb_row_holder\" ><div  class=\"bt_bb_column col-xxl-12 col-xl-12 col-xs-12 col-sm-12 col-md-12 col-lg-12 bt_bb_vertical_align_top bt_bb_align_left bt_bb_padding_normal bt_bb_animation_fade_in animate\" style=\"; --column-width:12;\" data-width=\"12\" data-bt-override-class=\"{}\"><div class=\"bt_bb_column_content\"><div class=\"bt_bb_column_content_inner\"><div class=\"bt_bb_separator bt_bb_border_style_none bt_bb_top_spacing_ bt_bb_bottom_spacing_normal\" data-bt-override-class=\"{&quot;bt_bb_top_spacing_&quot;:{&quot;current_class&quot;:&quot;bt_bb_top_spacing_&quot;,&quot;def&quot;:&quot;&quot;,&quot;xl&quot;:&quot;&quot;},&quot;bt_bb_bottom_spacing_&quot;:{&quot;current_class&quot;:&quot;bt_bb_bottom_spacing_normal&quot;,&quot;def&quot;:&quot;normal&quot;,&quot;xl&quot;:&quot;normal&quot;}}\"><\/div><header class=\"bt_bb_headline bt_bb_color_scheme_1 bt_bb_dash_top bt_bb_size_large bt_bb_align_inherit\" style=\"; --headline-primary-color:#ffffff; --headline-secondary-color:#191919;\" data-bt-override-class=\"{&quot;bt_bb_size_&quot;:{&quot;current_class&quot;:&quot;bt_bb_size_large&quot;,&quot;def&quot;:&quot;large&quot;,&quot;xl&quot;:&quot;large&quot;},&quot;bt_bb_align_&quot;:{&quot;current_class&quot;:&quot;bt_bb_align_inherit&quot;,&quot;def&quot;:&quot;inherit&quot;,&quot;xl&quot;:&quot;inherit&quot;}}\"><h2 class=\"bt_bb_headline_tag\"><span class=\"bt_bb_headline_content\"><span >POL\u00cdTICA DE COOKIES<\/span><\/span><\/h2><\/header><div class=\"bt_bb_separator bt_bb_border_style_none bt_bb_top_spacing_ bt_bb_bottom_spacing_normal\" data-bt-override-class=\"{&quot;bt_bb_top_spacing_&quot;:{&quot;current_class&quot;:&quot;bt_bb_top_spacing_&quot;,&quot;def&quot;:&quot;&quot;,&quot;xl&quot;:&quot;&quot;},&quot;bt_bb_bottom_spacing_&quot;:{&quot;current_class&quot;:&quot;bt_bb_bottom_spacing_normal&quot;,&quot;def&quot;:&quot;normal&quot;,&quot;xl&quot;:&quot;normal&quot;}}\"><\/div><\/div><\/div><\/div><\/div><\/div><\/div><!-- cell_inner --><\/div><!-- cell --><\/div><!-- port --><\/section><section id=\"bt_bb_section69e73326523fa\" class=\"bt_bb_section bt_bb_layout_boxed_1200 bt_bb_vertical_align_top bt_bb_top_spacing_medium bt_bb_bottom_spacing_large\"  data-bt-override-class=\"null\"><div class=\"bt_bb_port\"><div class=\"bt_bb_cell\"><div class=\"bt_bb_cell_inner\"><div class=\"bt_bb_row \"  data-bt-override-class=\"{}\"><div class=\"bt_bb_row_holder\" ><div  class=\"bt_bb_column col-xxl-12 col-xl-12 col-xs-12 col-sm-12 col-md-12 col-lg-12 bt_bb_vertical_align_top bt_bb_align_left bt_bb_padding_normal bt_bb_animation_fade_in animate\" style=\"; --column-width:12;\" data-width=\"12\" data-bt-override-class=\"{&quot;bt_bb_align_&quot;:{&quot;current_class&quot;:&quot;bt_bb_align_left&quot;,&quot;def&quot;:&quot;left&quot;,&quot;xl&quot;:&quot;left&quot;},&quot;bt_bb_padding_&quot;:{&quot;current_class&quot;:&quot;bt_bb_padding_normal&quot;,&quot;def&quot;:&quot;normal&quot;,&quot;xl&quot;:&quot;normal&quot;}}\"><div class=\"bt_bb_column_content\"><div class=\"bt_bb_column_content_inner\"><div  class=\"bt_bb_text\" ><\/p>\n<h2><\/h2>\n<ul>\n<li>Les \u201ccookies\u201d o dispositiu d\u2019emmagatzematge i recuperaci\u00f3 de dades i equips terminals, \u00e9s un fitxer enviat per una p\u00e0gina web al navegador de l\u2019usuari i que s\u2019emmagatzema autom\u00e0ticament en el terminal d\u2019aquest perqu\u00e8 la p\u00e0gina web en q\u00fcesti\u00f3 pugui consultar l\u2019activitat pr\u00e8via de l\u2019usuari i \u201crecon\u00e8ixe\u2019l\u201d.Les \u201ccookies\u201d poden recordar altres tipus d\u2019informaci\u00f3 personal, com la contrasenya d\u2019un usuari, de manera que no calgui tornar a escriure-la cada vegada que visita el mateix lloc, o les seves prefer\u00e8ncies envers a la configuraci\u00f3 d\u2019una p\u00e0gina web (idioma, resoluci\u00f3 de pantalla, entre altres).Les \u201ccookies\u201d s\u00f3n essencials pel funcionament d\u2019internet, aportant innombrables avantatges en la prestaci\u00f3 de serveis interactius, facilitant-li la navegaci\u00f3 i \u00fas de la web. Les \u201ccookies\u201d no poden danyar el seu equip i que estiguin activades ajuda a identificar i resoldre els errors.\n<p>En definitiva, una \u201ccookie\u201d no \u00e9s m\u00e9s que una successi\u00f3 de dades de navegaci\u00f3 que s\u2019emmagatzemen en l\u2019equip de l\u2019usuari i que les p\u00e0gines web detecten i reconeixen per \u201crecordar\u201d aquesta navegaci\u00f3.<\/p>\n<p>A continuaci\u00f3, proporcionem m\u00e9s informaci\u00f3 sobre l\u2019\u00fas de \u201ccookies\u201d utilitzades a la nostra p\u00e0gina web, distingint:<\/p>\n<ul>\n<li>_\u201dCookies\u201d de sessi\u00f3: s\u00f3n \u201ccookies\u201d temporals que romanen en l\u2019arxiu de \u201ccookies\u201d del seu navegador fins que abandoni la p\u00e0gina web, per la qual cosa cap queda registrada en el disc dur de l\u2019usuari. La informaci\u00f3 obtinguda per mitj\u00e0 d\u2019aquestes \u201ccookies\u201d, serveixen per analitzar pautes de tr\u00e0fic a la web. A la llarga, aix\u00f2 ens permet proporcionar una millor experi\u00e8ncia per millorar el contingut i facilitant el seu \u00fas.<\/li>\n<li>_\u201dCookies\u201d permanents: s\u00f3n emmagatzemades en el disc dur i nostra web les llegeix cada vegada que vost\u00e8 realitza una nova visita. Una web permanent posseeix una data d\u2019expiraci\u00f3 determinada. La cookie deixar\u00e0 de funcionar despr\u00e9s d\u2019aquesta data.<br \/>\nA continuaci\u00f3 publiquem una relaci\u00f3 de les principals \u201ccookies\u201d utilitzades a la nostra Web, distingint:<\/li>\n<li>_Les \u201ccookies\u201d estrictament necess\u00e0ries com per exemple, aquelles que serveixin per a una correcta navegaci\u00f3 o les que permetin realitzar serveis sol\u2022licitats per l\u2019usuari o \u201ccookies\u201d que serveixin per assegurar que el contingut de la p\u00e0gina web es carrega efica\u00e7ment.<\/li>\n<li>_Les \u201ccookies\u201d de tercers com per exemple, les usades per xarxes socials, o per complements externs de contingut.<\/li>\n<li>_Les \u201ccookies\u201d anal\u00edtiques amb prop\u00f2sits de manteniment peri\u00f2dic, i en honor de garantir el millor servei possible a l\u2019usuari, els llocs webs fan \u00fas normalment de \u201ccookies\u201d anal\u00edtiques per recopilar dades estad\u00edstiques de l\u2019activitat.<\/li>\n<li>_Les \u201ccookies\u201d de publicitat comportamental s\u00f3n aquelles que emmagatzemen informaci\u00f3 del comportament dels usuaris obtinguda a trav\u00e9s de l\u2019observaci\u00f3 continuada dels seus h\u00e0bits de navegaci\u00f3, la qual cosa permet desenvolupar un perfil per mostrar publicitat personalitzada.<\/li>\n<\/ul>\n<p>Garanties complement\u00e0ries \u2013 Gesti\u00f3 de \u201ccookies\u201d:<\/p>\n<p>Tots els navegadors d\u2019Internet permeten limitar el comportament d\u2019una \u201ccookie\u201d o desactivar les \u201ccookies\u201d dins de la configuraci\u00f3 o les opcions del navegador. Els passos per fer-ho s\u00f3n diferents per a cada navegador, podent-se trobar instruccions en el men\u00fa d\u2019ajuda del teu navegador.<\/p>\n<p>En el cas que desitgi obtenir informaci\u00f3 sobre com bloquejar o desactivar les \u201ccookies\u201d del nostre lloc web, ho pot fer fent clic als seg\u00fcents enlla\u00e7os en funci\u00f3 del seu navegador:<\/p>\n<ul>\n<li>Firefox des de aqu\u00ed: <a href=\"http:\/\/support.mozilla.org\/es\/kb\/habilitar-y-deshabilitar-cookies-que-los-sitios-we\">http:\/\/support.mozilla.org\/es\/kb\/habilitar-y-deshabilitar-cookies-que-los-<\/a><a href=\"http:\/\/support.mozilla.org\/es\/kb\/habilitar-y-deshabilitar-cookies-que-los-sitios-we\">sitios-we<\/a><\/li>\n<li>Chrome des de aqu\u00ed: <a href=\"http:\/\/support.google.com\/chrome\/bin\/answer.py?hl=es&amp;answer=95647\">http:\/\/support.google.com\/chrome\/bin\/answer.py?hl=es&amp;answer=95647<\/a><\/li>\n<li>Explorer des de aqu\u00ed: <a href=\"http:\/\/windows.microsoft.com\/es-es\/internet-explorer\/delete-manage-cookies#ie%3Die-10\">http:\/\/windows.microsoft.com\/es-es\/internet-explorer\/delete-manage-<\/a><a href=\"http:\/\/windows.microsoft.com\/es-es\/internet-explorer\/delete-manage-cookies#ie%3Die-10\">cookies#ie=ie-10<\/a><\/li>\n<li>Safari des de aqu\u00ed: <a href=\"https:\/\/support.apple.com\/kb\/ph17191?locale=es_ES\">https:\/\/support.apple.com\/kb\/ph17191?locale=es_ES<\/a><\/li>\n<li>Opera des de aqu\u00ed: <a href=\"http:\/\/help.opera.com\/Windows\/11.50\/es-ES\/cookies.html\">http:\/\/help.opera.com\/Windows\/11.50\/es-ES\/cookies.html<\/a><\/li>\n<\/ul>\n<\/li>\n<\/ul>\n<p>\n<\/div><\/div><\/div><\/div><\/div><\/div><\/div><!-- cell_inner --><\/div><!-- cell --><\/div><!-- port --><\/section><\/p>\n","protected":false},"excerpt":{"rendered":"","protected":false},"author":1,"featured_media":0,"parent":0,"menu_order":0,"comment_status":"closed","ping_status":"closed","template":"","meta":{"footnotes":""},"class_list":["post-3980","page","type-page","status-publish","hentry"],"yoast_head":"<!-- This site is optimized with the Yoast SEO plugin v27.4 - https:\/\/yoast.com\/product\/yoast-seo-wordpress\/ -->\n<title>Pol\u00edtica de cookies | Erma<\/title>\n<meta name=\"robots\" content=\"index, follow, max-snippet:-1, max-image-preview:large, max-video-preview:-1\" \/>\n<link rel=\"canonical\" href=\"https:\/\/erma.plus\/ca\/politica-de-cookies\/\" \/>\n<meta property=\"og:locale\" content=\"ca_ES\" \/>\n<meta property=\"og:type\" content=\"article\" \/>\n<meta property=\"og:title\" content=\"Pol\u00edtica de cookies | Erma\" \/>\n<meta property=\"og:url\" content=\"https:\/\/erma.plus\/ca\/politica-de-cookies\/\" \/>\n<meta property=\"og:site_name\" content=\"Erma\" \/>\n<meta name=\"twitter:card\" content=\"summary_large_image\" \/>\n<meta name=\"twitter:label1\" content=\"Temps estimat de lectura\" \/>\n\t<meta name=\"twitter:data1\" content=\"5 minuts\" \/>\n<script type=\"application\/ld+json\" class=\"yoast-schema-graph\">{\"@context\":\"https:\\\/\\\/schema.org\",\"@graph\":[{\"@type\":\"WebPage\",\"@id\":\"https:\\\/\\\/erma.plus\\\/ca\\\/politica-de-cookies\\\/\",\"url\":\"https:\\\/\\\/erma.plus\\\/ca\\\/politica-de-cookies\\\/\",\"name\":\"Pol\u00edtica de cookies | Erma\",\"isPartOf\":{\"@id\":\"https:\\\/\\\/erma.plus\\\/ca\\\/#website\"},\"datePublished\":\"2022-12-02T11:42:31+00:00\",\"breadcrumb\":{\"@id\":\"https:\\\/\\\/erma.plus\\\/ca\\\/politica-de-cookies\\\/#breadcrumb\"},\"inLanguage\":\"ca\",\"potentialAction\":[{\"@type\":\"ReadAction\",\"target\":[\"https:\\\/\\\/erma.plus\\\/ca\\\/politica-de-cookies\\\/\"]}]},{\"@type\":\"BreadcrumbList\",\"@id\":\"https:\\\/\\\/erma.plus\\\/ca\\\/politica-de-cookies\\\/#breadcrumb\",\"itemListElement\":[{\"@type\":\"ListItem\",\"position\":1,\"name\":\"Portada\",\"item\":\"https:\\\/\\\/erma.plus\\\/ca\\\/\"},{\"@type\":\"ListItem\",\"position\":2,\"name\":\"Pol\u00edtica de cookies\"}]},{\"@type\":\"WebSite\",\"@id\":\"https:\\\/\\\/erma.plus\\\/ca\\\/#website\",\"url\":\"https:\\\/\\\/erma.plus\\\/ca\\\/\",\"name\":\"Erma\",\"description\":\"Promocions immobili\u00e0ries\",\"publisher\":{\"@id\":\"https:\\\/\\\/erma.plus\\\/ca\\\/#organization\"},\"potentialAction\":[{\"@type\":\"SearchAction\",\"target\":{\"@type\":\"EntryPoint\",\"urlTemplate\":\"https:\\\/\\\/erma.plus\\\/ca\\\/?s={search_term_string}\"},\"query-input\":{\"@type\":\"PropertyValueSpecification\",\"valueRequired\":true,\"valueName\":\"search_term_string\"}}],\"inLanguage\":\"ca\"},{\"@type\":\"Organization\",\"@id\":\"https:\\\/\\\/erma.plus\\\/ca\\\/#organization\",\"name\":\"Erma\",\"url\":\"https:\\\/\\\/erma.plus\\\/ca\\\/\",\"logo\":{\"@type\":\"ImageObject\",\"inLanguage\":\"ca\",\"@id\":\"https:\\\/\\\/erma.plus\\\/ca\\\/#\\\/schema\\\/logo\\\/image\\\/\",\"url\":\"https:\\\/\\\/erma.plus\\\/wp-content\\\/uploads\\\/2022\\\/09\\\/erma.png\",\"contentUrl\":\"https:\\\/\\\/erma.plus\\\/wp-content\\\/uploads\\\/2022\\\/09\\\/erma.png\",\"width\":277,\"height\":185,\"caption\":\"Erma\"},\"image\":{\"@id\":\"https:\\\/\\\/erma.plus\\\/ca\\\/#\\\/schema\\\/logo\\\/image\\\/\"}}]}<\/script>\n<!-- \/ Yoast SEO plugin. -->","yoast_head_json":{"title":"Pol\u00edtica de cookies | Erma","robots":{"index":"index","follow":"follow","max-snippet":"max-snippet:-1","max-image-preview":"max-image-preview:large","max-video-preview":"max-video-preview:-1"},"canonical":"https:\/\/erma.plus\/ca\/politica-de-cookies\/","og_locale":"ca_ES","og_type":"article","og_title":"Pol\u00edtica de cookies | Erma","og_url":"https:\/\/erma.plus\/ca\/politica-de-cookies\/","og_site_name":"Erma","twitter_card":"summary_large_image","twitter_misc":{"Temps estimat de lectura":"5 minuts"},"schema":{"@context":"https:\/\/schema.org","@graph":[{"@type":"WebPage","@id":"https:\/\/erma.plus\/ca\/politica-de-cookies\/","url":"https:\/\/erma.plus\/ca\/politica-de-cookies\/","name":"Pol\u00edtica de cookies | Erma","isPartOf":{"@id":"https:\/\/erma.plus\/ca\/#website"},"datePublished":"2022-12-02T11:42:31+00:00","breadcrumb":{"@id":"https:\/\/erma.plus\/ca\/politica-de-cookies\/#breadcrumb"},"inLanguage":"ca","potentialAction":[{"@type":"ReadAction","target":["https:\/\/erma.plus\/ca\/politica-de-cookies\/"]}]},{"@type":"BreadcrumbList","@id":"https:\/\/erma.plus\/ca\/politica-de-cookies\/#breadcrumb","itemListElement":[{"@type":"ListItem","position":1,"name":"Portada","item":"https:\/\/erma.plus\/ca\/"},{"@type":"ListItem","position":2,"name":"Pol\u00edtica de cookies"}]},{"@type":"WebSite","@id":"https:\/\/erma.plus\/ca\/#website","url":"https:\/\/erma.plus\/ca\/","name":"Erma","description":"Promocions immobili\u00e0ries","publisher":{"@id":"https:\/\/erma.plus\/ca\/#organization"},"potentialAction":[{"@type":"SearchAction","target":{"@type":"EntryPoint","urlTemplate":"https:\/\/erma.plus\/ca\/?s={search_term_string}"},"query-input":{"@type":"PropertyValueSpecification","valueRequired":true,"valueName":"search_term_string"}}],"inLanguage":"ca"},{"@type":"Organization","@id":"https:\/\/erma.plus\/ca\/#organization","name":"Erma","url":"https:\/\/erma.plus\/ca\/","logo":{"@type":"ImageObject","inLanguage":"ca","@id":"https:\/\/erma.plus\/ca\/#\/schema\/logo\/image\/","url":"https:\/\/erma.plus\/wp-content\/uploads\/2022\/09\/erma.png","contentUrl":"https:\/\/erma.plus\/wp-content\/uploads\/2022\/09\/erma.png","width":277,"height":185,"caption":"Erma"},"image":{"@id":"https:\/\/erma.plus\/ca\/#\/schema\/logo\/image\/"}}]}},"_links":{"self":[{"href":"https:\/\/erma.plus\/ca\/wp-json\/wp\/v2\/pages\/3980","targetHints":{"allow":["GET"]}}],"collection":[{"href":"https:\/\/erma.plus\/ca\/wp-json\/wp\/v2\/pages"}],"about":[{"href":"https:\/\/erma.plus\/ca\/wp-json\/wp\/v2\/types\/page"}],"author":[{"embeddable":true,"href":"https:\/\/erma.plus\/ca\/wp-json\/wp\/v2\/users\/1"}],"replies":[{"embeddable":true,"href":"https:\/\/erma.plus\/ca\/wp-json\/wp\/v2\/comments?post=3980"}],"version-history":[{"count":1,"href":"https:\/\/erma.plus\/ca\/wp-json\/wp\/v2\/pages\/3980\/revisions"}],"predecessor-version":[{"id":3984,"href":"https:\/\/erma.plus\/ca\/wp-json\/wp\/v2\/pages\/3980\/revisions\/3984"}],"wp:attachment":[{"href":"https:\/\/erma.plus\/ca\/wp-json\/wp\/v2\/media?parent=3980"}],"curies":[{"name":"wp","href":"https:\/\/api.w.org\/{rel}","templated":true}]}}