{"id":3966,"date":"2022-12-02T11:34:41","date_gmt":"2022-12-02T11:34:41","guid":{"rendered":"https:\/\/erma.plus\/?page_id=3966"},"modified":"2022-12-12T08:29:41","modified_gmt":"2022-12-12T08:29:41","slug":"avis-legal","status":"publish","type":"page","link":"https:\/\/erma.plus\/ca\/avis-legal\/","title":{"rendered":"Av\u00eds legal"},"content":{"rendered":"<p><section id=\"bt_bb_section69ddff2ae3d32\" class=\"bt_bb_section bt_bb_color_scheme_1 bt_bb_layout_boxed_1200 bt_bb_vertical_align_top bt_bb_top_spacing_large bt_bb_bottom_spacing_large\" style=\"; --section-primary-color:#ffffff; --section-secondary-color:#191919;;background-color:#134c7d;\" data-bt-override-class=\"{&quot;bt_bb_top_spacing_&quot;:{&quot;current_class&quot;:&quot;bt_bb_top_spacing_large&quot;,&quot;def&quot;:&quot;large&quot;,&quot;xl&quot;:&quot;large&quot;},&quot;bt_bb_bottom_spacing_&quot;:{&quot;current_class&quot;:&quot;bt_bb_bottom_spacing_large&quot;,&quot;def&quot;:&quot;large&quot;,&quot;xl&quot;:&quot;large&quot;}}\"><div class=\"bt_bb_background_image_holder_wrapper\"><div class=\"bt_bb_background_image_holder bt_bb_parallax\"  data-parallax=\"0.7\" data-parallax-offset=\"0\" data-parallax-zoom-start=\"1\" data-parallax-zoom-end=\"1\" data-parallax-blur-start=\"0\" data-parallax-blur-end=\"0\" data-parallax-opacity-start=\"1\" data-parallax-opacity-end=\"1\" style=\" background-image:url(&#039;https:\/\/erma.plus\/wp-content\/uploads\/2022\/09\/abstract-bg-1.jpg&#039;);\"><\/div><\/div><div class=\"bt_bb_port\"><div class=\"bt_bb_cell\"><div class=\"bt_bb_cell_inner\"><div class=\"bt_bb_row \"  data-bt-override-class=\"{}\"><div class=\"bt_bb_row_holder\" ><div  class=\"bt_bb_column col-xxl-12 col-xl-12 col-xs-12 col-sm-12 col-md-12 col-lg-12 bt_bb_vertical_align_top bt_bb_align_left bt_bb_padding_normal bt_bb_animation_fade_in animate\" style=\"; --column-width:12;\" data-width=\"12\" data-bt-override-class=\"{}\"><div class=\"bt_bb_column_content\"><div class=\"bt_bb_column_content_inner\"><div class=\"bt_bb_separator bt_bb_border_style_none bt_bb_top_spacing_ bt_bb_bottom_spacing_normal\" data-bt-override-class=\"{&quot;bt_bb_top_spacing_&quot;:{&quot;current_class&quot;:&quot;bt_bb_top_spacing_&quot;,&quot;def&quot;:&quot;&quot;,&quot;xl&quot;:&quot;&quot;},&quot;bt_bb_bottom_spacing_&quot;:{&quot;current_class&quot;:&quot;bt_bb_bottom_spacing_normal&quot;,&quot;def&quot;:&quot;normal&quot;,&quot;xl&quot;:&quot;normal&quot;}}\"><\/div><header class=\"bt_bb_headline bt_bb_color_scheme_1 bt_bb_dash_top bt_bb_size_large bt_bb_align_inherit\" style=\"; --headline-primary-color:#ffffff; --headline-secondary-color:#191919;\" data-bt-override-class=\"{&quot;bt_bb_size_&quot;:{&quot;current_class&quot;:&quot;bt_bb_size_large&quot;,&quot;def&quot;:&quot;large&quot;,&quot;xl&quot;:&quot;large&quot;},&quot;bt_bb_align_&quot;:{&quot;current_class&quot;:&quot;bt_bb_align_inherit&quot;,&quot;def&quot;:&quot;inherit&quot;,&quot;xl&quot;:&quot;inherit&quot;}}\"><h2 class=\"bt_bb_headline_tag\"><span class=\"bt_bb_headline_content\"><span >AV\u00cdS LEGAL<\/span><\/span><\/h2><\/header><div class=\"bt_bb_separator bt_bb_border_style_none bt_bb_top_spacing_ bt_bb_bottom_spacing_normal\" data-bt-override-class=\"{&quot;bt_bb_top_spacing_&quot;:{&quot;current_class&quot;:&quot;bt_bb_top_spacing_&quot;,&quot;def&quot;:&quot;&quot;,&quot;xl&quot;:&quot;&quot;},&quot;bt_bb_bottom_spacing_&quot;:{&quot;current_class&quot;:&quot;bt_bb_bottom_spacing_normal&quot;,&quot;def&quot;:&quot;normal&quot;,&quot;xl&quot;:&quot;normal&quot;}}\"><\/div><\/div><\/div><\/div><\/div><\/div><\/div><!-- cell_inner --><\/div><!-- cell --><\/div><!-- port --><\/section><section id=\"bt_bb_section69ddff2ae417b\" class=\"bt_bb_section bt_bb_layout_boxed_1200 bt_bb_vertical_align_top bt_bb_top_spacing_medium bt_bb_bottom_spacing_large\"  data-bt-override-class=\"null\"><div class=\"bt_bb_port\"><div class=\"bt_bb_cell\"><div class=\"bt_bb_cell_inner\"><div class=\"bt_bb_row \"  data-bt-override-class=\"{}\"><div class=\"bt_bb_row_holder\" ><div  class=\"bt_bb_column col-xxl-12 col-xl-12 col-xs-12 col-sm-12 col-md-12 col-lg-12 bt_bb_vertical_align_top bt_bb_align_left bt_bb_padding_normal bt_bb_animation_fade_in animate\" style=\"; --column-width:12;\" data-width=\"12\" data-bt-override-class=\"{&quot;bt_bb_align_&quot;:{&quot;current_class&quot;:&quot;bt_bb_align_left&quot;,&quot;def&quot;:&quot;left&quot;,&quot;xl&quot;:&quot;left&quot;},&quot;bt_bb_padding_&quot;:{&quot;current_class&quot;:&quot;bt_bb_padding_normal&quot;,&quot;def&quot;:&quot;normal&quot;,&quot;xl&quot;:&quot;normal&quot;}}\"><div class=\"bt_bb_column_content\"><div class=\"bt_bb_column_content_inner\"><div  class=\"bt_bb_text\" ><\/p>\n<p><strong>I. INFORMACI\u00d3 GENERAL<\/strong><\/p>\n<p>Aquesta web est\u00e0 considerada com un servei per ERMA sent el propietari de tots els drets. A aquests efectes, ERMA est\u00e0 representat per la seg\u00fcent societat: ERMA PLUS HOTELS, S.L.U. amb domicili social en Avinguda Diagonal, 161, 08018, Barcelona i inscrita en el Registre Mercantil de Barcelona, Tom 37793, Foli 157, Fulla B-199966, Inscripci\u00f3 1 i CIF B-61945119. ERMA a trav\u00e9s de la societat anterior presta els serveis expressats en les diferents parts de la web.<\/p>\n<p><strong>II. OBJECTE<\/strong><\/p>\n<p>Aquest lloc web ha estat dissenyat per donar a con\u00e8ixer i permetre l\u2019acc\u00e9s general a tots els usuaris a la informaci\u00f3 i productes oferts per ERMA.<\/p>\n<p>En qualsevol moment ERMA t\u00e9 el dret de modificar, sense previ av\u00eds, el disseny, presentaci\u00f3 i\/o la configuraci\u00f3 del lloc web, aix\u00ed com alguns o tots els continguts. ERMA tamb\u00e9 pot modificar el contingut general i\/o les condicions particulars requerides per utilitzar el contingut de la p\u00e0gina.<\/p>\n<p>ERMA ha obtingut la informaci\u00f3 publicada en aquesta p\u00e0gina web de fonts considerades com a fiables, no obstant aix\u00f2, no garanteix que la mateixa sigui exacta, completa o actualitzada.<\/p>\n<p>Els preus dels immobles publicats no inclouen els impostos ni despeses que es puguin derivar en cada cas.<\/p>\n<p><strong>III. RESPONSABILITAT<\/strong><\/p>\n<p>El contingut de la p\u00e0gina web t\u00e9 car\u00e0cter informatiu general i, per tant, podria resultar insuficient per a l\u2019adopci\u00f3 per l\u2019usuari d\u2019una decisi\u00f3 personal o de negoci. ERMA no est\u00e0 obligada, en cap cas, a demostrar la veracitat, exactitud, idone\u00eftat, integritat i vig\u00e8ncia del contingut. L\u2019usuari accepta que la utilitzaci\u00f3 de la p\u00e0gina web i\/o del Contingut ser\u00e0 sota el seu compte i risc. En la mesura en qu\u00e8 la legislaci\u00f3 aplicable ho permeti, ERMA no assumeix cap tipus de responsabilitat per les decisions adoptades per l\u2019usuari basant-se en la informaci\u00f3 facilitada a la p\u00e0gina web, ni pels danys directes o indirectes que pugui sofrir com a resultat d\u2019actuacions basades en el lloc o els continguts.<\/p>\n<p>ERMA no es fa responsable de qualsevol defici\u00e8ncia en el servei prestat pel servidor, ni les xarxes de comunicaci\u00f3, ni els problemes resultants del mal funcionament o \u00fas de versions no optimitzades dels navegadors.<\/p>\n<p>ERMA no es fa responsable dels danys causats per qualsevol virus inform\u00e0tic ni que es derivin de navegar per les seves p\u00e0gines web.<\/p>\n<p>ERMA no es responsabilitza dels continguts i opinions de tercers difosos en la seva p\u00e0gina web, ni de la informaci\u00f3 continguda a les p\u00e0gines web de tercers a les quals pugui accedir per enlla\u00e7os o cercadors del lloc web, ja que la funci\u00f3 d\u2019aquestes \u00e9s informar a l\u2019Usuari sobre l\u2019exist\u00e8ncia d\u2019altres fonts d\u2019informaci\u00f3 sobre la mat\u00e8ria en Internet on podr\u00e0 ampliar les dades ofertes en aquest lloc web, i en cap cas suposa suggeriment, invitaci\u00f3 o recomanaci\u00f3 dels mateixos. Per tot aix\u00f2, ERMA no es responsabilitza del resultat obtingut a trav\u00e9s d\u2019aquests enlla\u00e7os.<\/p>\n<p><strong>IV. PROPIETAT INDUSTRIAL I INTEL\u2022LECTUAL<\/strong><\/p>\n<p>Aquest lloc web \u00e9s propietat de ERMA. Els drets de propietat intel\u2022lectual i drets d\u2019\u00fas i la reproducci\u00f3 d\u2019aquest lloc web, incloent els seus logos, marques comercials, imatges, fotos, gr\u00e0fics, v\u00eddeos, p\u00e0gines, pantalles, la informaci\u00f3 que contenen, la seva aparen\u00e7a i disseny, aix\u00ed com els enlla\u00e7os que s\u2019estableixin des d\u2019ella a altres p\u00e0gines web que pertanyen a ERMA o qualsevol un altre material o contingut, independentment de si han estat registrats, s\u2019ha sol\u2022licitat el seu registre o no estan registrats, s\u00f3n propietat exclusiva d\u2019aquest tret que s\u2019especifiqui una altra cosa. Qualsevol \u00fas indegut de les mateixes per persona diferent del seu leg\u00edtim titular podria ser processat en virtut de la legislaci\u00f3 vigent. Nom\u00e9s per a \u00fas personal i privat es permet descarregar els continguts, copiar o imprimir qualsevol p\u00e0gina d\u2019aquest lloc web. Queda prohibit reproduir, transmetre, modificar o esborrar informaci\u00f3, contingut o advertiments d\u2019aquest lloc web sense pr\u00e8via autoritzaci\u00f3 per escrit d\u2019ERMA. En aquest sentit, ERMA es reserva l\u2019exercici de les accions legals oportunes en defensa dels seus drets.<\/p>\n<p>Queda prohibit als usuaris del lloc web violar o intentar violar les mesures de seguretat del mateix, incloent, sense limitaci\u00f3:<\/p>\n<p>(1) Intentar analitzar o provar la vulnerabilitat del sistema o xarxa o violar les mesures de seguretat o autenticaci\u00f3 sense la deguda autoritzaci\u00f3;<\/p>\n<p>(2) Intentar interferir en la prestaci\u00f3 de servei a qualsevol usuari, equip o xarxa, incloent, sense limitaci\u00f3, atacs per sobrec\u00e0rrega, \u201cflooding\u201d, \u201cmail bombing\u201d o \u201ccrash\u201d; o<\/p>\n<p>(3) L\u2019intent d\u2019infiltrar-se en la totalitat o part del contingut del lloc, aix\u00ed com esborrar o canviar qualsevol contingut del lloc.<\/p>\n<p>\n<\/div><\/div><\/div><\/div><\/div><\/div><\/div><!-- cell_inner --><\/div><!-- cell --><\/div><!-- port --><\/section><\/p>\n","protected":false},"excerpt":{"rendered":"","protected":false},"author":1,"featured_media":0,"parent":0,"menu_order":0,"comment_status":"closed","ping_status":"closed","template":"","meta":{"footnotes":""},"class_list":["post-3966","page","type-page","status-publish","hentry"],"yoast_head":"<!-- This site is optimized with the Yoast SEO plugin v27.3 - https:\/\/yoast.com\/product\/yoast-seo-wordpress\/ -->\n<title>Av\u00eds legal | Erma<\/title>\n<meta name=\"robots\" content=\"index, follow, max-snippet:-1, max-image-preview:large, max-video-preview:-1\" \/>\n<link rel=\"canonical\" href=\"https:\/\/erma.plus\/ca\/avis-legal\/\" \/>\n<meta property=\"og:locale\" content=\"ca_ES\" \/>\n<meta property=\"og:type\" content=\"article\" \/>\n<meta property=\"og:title\" content=\"Av\u00eds legal | Erma\" \/>\n<meta property=\"og:url\" content=\"https:\/\/erma.plus\/ca\/avis-legal\/\" \/>\n<meta property=\"og:site_name\" content=\"Erma\" \/>\n<meta property=\"article:modified_time\" content=\"2022-12-12T08:29:41+00:00\" \/>\n<meta name=\"twitter:card\" content=\"summary_large_image\" \/>\n<meta name=\"twitter:label1\" content=\"Temps estimat de lectura\" \/>\n\t<meta name=\"twitter:data1\" content=\"6 minuts\" \/>\n<script type=\"application\/ld+json\" class=\"yoast-schema-graph\">{\"@context\":\"https:\\\/\\\/schema.org\",\"@graph\":[{\"@type\":\"WebPage\",\"@id\":\"https:\\\/\\\/erma.plus\\\/ca\\\/avis-legal\\\/\",\"url\":\"https:\\\/\\\/erma.plus\\\/ca\\\/avis-legal\\\/\",\"name\":\"Av\u00eds legal | Erma\",\"isPartOf\":{\"@id\":\"https:\\\/\\\/erma.plus\\\/ca\\\/#website\"},\"datePublished\":\"2022-12-02T11:34:41+00:00\",\"dateModified\":\"2022-12-12T08:29:41+00:00\",\"breadcrumb\":{\"@id\":\"https:\\\/\\\/erma.plus\\\/ca\\\/avis-legal\\\/#breadcrumb\"},\"inLanguage\":\"ca\",\"potentialAction\":[{\"@type\":\"ReadAction\",\"target\":[\"https:\\\/\\\/erma.plus\\\/ca\\\/avis-legal\\\/\"]}]},{\"@type\":\"BreadcrumbList\",\"@id\":\"https:\\\/\\\/erma.plus\\\/ca\\\/avis-legal\\\/#breadcrumb\",\"itemListElement\":[{\"@type\":\"ListItem\",\"position\":1,\"name\":\"Portada\",\"item\":\"https:\\\/\\\/erma.plus\\\/ca\\\/\"},{\"@type\":\"ListItem\",\"position\":2,\"name\":\"Av\u00eds legal\"}]},{\"@type\":\"WebSite\",\"@id\":\"https:\\\/\\\/erma.plus\\\/ca\\\/#website\",\"url\":\"https:\\\/\\\/erma.plus\\\/ca\\\/\",\"name\":\"Erma\",\"description\":\"Promocions immobili\u00e0ries\",\"publisher\":{\"@id\":\"https:\\\/\\\/erma.plus\\\/ca\\\/#organization\"},\"potentialAction\":[{\"@type\":\"SearchAction\",\"target\":{\"@type\":\"EntryPoint\",\"urlTemplate\":\"https:\\\/\\\/erma.plus\\\/ca\\\/?s={search_term_string}\"},\"query-input\":{\"@type\":\"PropertyValueSpecification\",\"valueRequired\":true,\"valueName\":\"search_term_string\"}}],\"inLanguage\":\"ca\"},{\"@type\":\"Organization\",\"@id\":\"https:\\\/\\\/erma.plus\\\/ca\\\/#organization\",\"name\":\"Erma\",\"url\":\"https:\\\/\\\/erma.plus\\\/ca\\\/\",\"logo\":{\"@type\":\"ImageObject\",\"inLanguage\":\"ca\",\"@id\":\"https:\\\/\\\/erma.plus\\\/ca\\\/#\\\/schema\\\/logo\\\/image\\\/\",\"url\":\"https:\\\/\\\/erma.plus\\\/wp-content\\\/uploads\\\/2022\\\/09\\\/erma.png\",\"contentUrl\":\"https:\\\/\\\/erma.plus\\\/wp-content\\\/uploads\\\/2022\\\/09\\\/erma.png\",\"width\":277,\"height\":185,\"caption\":\"Erma\"},\"image\":{\"@id\":\"https:\\\/\\\/erma.plus\\\/ca\\\/#\\\/schema\\\/logo\\\/image\\\/\"}}]}<\/script>\n<!-- \/ Yoast SEO plugin. -->","yoast_head_json":{"title":"Av\u00eds legal | Erma","robots":{"index":"index","follow":"follow","max-snippet":"max-snippet:-1","max-image-preview":"max-image-preview:large","max-video-preview":"max-video-preview:-1"},"canonical":"https:\/\/erma.plus\/ca\/avis-legal\/","og_locale":"ca_ES","og_type":"article","og_title":"Av\u00eds legal | Erma","og_url":"https:\/\/erma.plus\/ca\/avis-legal\/","og_site_name":"Erma","article_modified_time":"2022-12-12T08:29:41+00:00","twitter_card":"summary_large_image","twitter_misc":{"Temps estimat de lectura":"6 minuts"},"schema":{"@context":"https:\/\/schema.org","@graph":[{"@type":"WebPage","@id":"https:\/\/erma.plus\/ca\/avis-legal\/","url":"https:\/\/erma.plus\/ca\/avis-legal\/","name":"Av\u00eds legal | Erma","isPartOf":{"@id":"https:\/\/erma.plus\/ca\/#website"},"datePublished":"2022-12-02T11:34:41+00:00","dateModified":"2022-12-12T08:29:41+00:00","breadcrumb":{"@id":"https:\/\/erma.plus\/ca\/avis-legal\/#breadcrumb"},"inLanguage":"ca","potentialAction":[{"@type":"ReadAction","target":["https:\/\/erma.plus\/ca\/avis-legal\/"]}]},{"@type":"BreadcrumbList","@id":"https:\/\/erma.plus\/ca\/avis-legal\/#breadcrumb","itemListElement":[{"@type":"ListItem","position":1,"name":"Portada","item":"https:\/\/erma.plus\/ca\/"},{"@type":"ListItem","position":2,"name":"Av\u00eds legal"}]},{"@type":"WebSite","@id":"https:\/\/erma.plus\/ca\/#website","url":"https:\/\/erma.plus\/ca\/","name":"Erma","description":"Promocions immobili\u00e0ries","publisher":{"@id":"https:\/\/erma.plus\/ca\/#organization"},"potentialAction":[{"@type":"SearchAction","target":{"@type":"EntryPoint","urlTemplate":"https:\/\/erma.plus\/ca\/?s={search_term_string}"},"query-input":{"@type":"PropertyValueSpecification","valueRequired":true,"valueName":"search_term_string"}}],"inLanguage":"ca"},{"@type":"Organization","@id":"https:\/\/erma.plus\/ca\/#organization","name":"Erma","url":"https:\/\/erma.plus\/ca\/","logo":{"@type":"ImageObject","inLanguage":"ca","@id":"https:\/\/erma.plus\/ca\/#\/schema\/logo\/image\/","url":"https:\/\/erma.plus\/wp-content\/uploads\/2022\/09\/erma.png","contentUrl":"https:\/\/erma.plus\/wp-content\/uploads\/2022\/09\/erma.png","width":277,"height":185,"caption":"Erma"},"image":{"@id":"https:\/\/erma.plus\/ca\/#\/schema\/logo\/image\/"}}]}},"_links":{"self":[{"href":"https:\/\/erma.plus\/ca\/wp-json\/wp\/v2\/pages\/3966","targetHints":{"allow":["GET"]}}],"collection":[{"href":"https:\/\/erma.plus\/ca\/wp-json\/wp\/v2\/pages"}],"about":[{"href":"https:\/\/erma.plus\/ca\/wp-json\/wp\/v2\/types\/page"}],"author":[{"embeddable":true,"href":"https:\/\/erma.plus\/ca\/wp-json\/wp\/v2\/users\/1"}],"replies":[{"embeddable":true,"href":"https:\/\/erma.plus\/ca\/wp-json\/wp\/v2\/comments?post=3966"}],"version-history":[{"count":4,"href":"https:\/\/erma.plus\/ca\/wp-json\/wp\/v2\/pages\/3966\/revisions"}],"predecessor-version":[{"id":4009,"href":"https:\/\/erma.plus\/ca\/wp-json\/wp\/v2\/pages\/3966\/revisions\/4009"}],"wp:attachment":[{"href":"https:\/\/erma.plus\/ca\/wp-json\/wp\/v2\/media?parent=3966"}],"curies":[{"name":"wp","href":"https:\/\/api.w.org\/{rel}","templated":true}]}}