{"id":3739,"date":"2022-09-26T11:46:38","date_gmt":"2022-09-26T11:46:38","guid":{"rendered":"https:\/\/erma.plus\/quienes-somos\/"},"modified":"2025-02-12T16:29:35","modified_gmt":"2025-02-12T16:29:35","slug":"qui-som","status":"publish","type":"page","link":"https:\/\/erma.plus\/ca\/qui-som\/","title":{"rendered":"Qui som"},"content":{"rendered":"<p><section id=\"bt_bb_section69ecf8823aee6\" class=\"bt_bb_section bt_bb_color_scheme_1 bt_bb_layout_boxed_1200 bt_bb_vertical_align_top bt_bb_top_spacing_large bt_bb_bottom_spacing_large\" style=\"; --section-primary-color:#ffffff; --section-secondary-color:#191919;;background-color:#134c7d;\" data-bt-override-class=\"{&quot;bt_bb_top_spacing_&quot;:{&quot;current_class&quot;:&quot;bt_bb_top_spacing_large&quot;,&quot;def&quot;:&quot;large&quot;,&quot;xl&quot;:&quot;large&quot;},&quot;bt_bb_bottom_spacing_&quot;:{&quot;current_class&quot;:&quot;bt_bb_bottom_spacing_large&quot;,&quot;def&quot;:&quot;large&quot;,&quot;xl&quot;:&quot;large&quot;}}\"><div class=\"bt_bb_background_image_holder_wrapper\"><div class=\"bt_bb_background_image_holder bt_bb_parallax\"  data-parallax=\"0.7\" data-parallax-offset=\"0\" data-parallax-zoom-start=\"1\" data-parallax-zoom-end=\"1\" data-parallax-blur-start=\"0\" data-parallax-blur-end=\"0\" data-parallax-opacity-start=\"1\" data-parallax-opacity-end=\"1\" style=\" background-image:url(&#039;https:\/\/erma.plus\/wp-content\/uploads\/2022\/09\/abstract-bg-1.jpg&#039;);\"><\/div><\/div><div class=\"bt_bb_port\"><div class=\"bt_bb_cell\"><div class=\"bt_bb_cell_inner\"><div class=\"bt_bb_row \"  data-bt-override-class=\"{}\"><div class=\"bt_bb_row_holder\" ><div  class=\"bt_bb_column col-xxl-12 col-xl-12 col-xs-12 col-sm-12 col-md-12 col-lg-12 bt_bb_vertical_align_top bt_bb_align_left bt_bb_padding_normal bt_bb_animation_fade_in animate\" style=\"; --column-width:12;\" data-width=\"12\" data-bt-override-class=\"{}\"><div class=\"bt_bb_column_content\"><div class=\"bt_bb_column_content_inner\"><div class=\"bt_bb_separator bt_bb_border_style_none bt_bb_bottom_spacing_medium\" data-bt-override-class=\"null\"><\/div><header data-bb-version=\"5.2.5\" class=\"bt_bb_headline bt_bb_color_scheme_1 bt_bb_dash_top bt_bb_superheadline bt_bb_subheadline bt_bb_size_large bt_bb_align_inherit\" style=\"; --headline-primary-color:#ffffff; --headline-secondary-color:#191919;\" data-bt-override-class=\"{&quot;bt_bb_size_&quot;:{&quot;current_class&quot;:&quot;bt_bb_size_large&quot;,&quot;def&quot;:&quot;large&quot;},&quot;bt_bb_align_&quot;:{&quot;current_class&quot;:&quot;bt_bb_align_inherit&quot;,&quot;def&quot;:&quot;inherit&quot;}}\"><h2 class=\"bt_bb_headline_tag\"><span class=\"bt_bb_headline_superheadline\">QUI SOM<\/span><span class=\"bt_bb_headline_content\"><span >ERMA, <em>Promotors des de 1960<\/em><\/span><\/span><\/h2><div class=\"bt_bb_headline_subheadline\">El grup d'empreses ERMA va comen\u00e7ar la seva activitat fa m\u00e9s de 60 anys i la seva principal activitat en aquests anys ha estat la promoci\u00f3 immobili\u00e0ria.<\/div><\/header><div class=\"bt_bb_separator bt_bb_border_style_none bt_bb_bottom_spacing_medium\" data-bt-override-class=\"null\"><\/div><\/div><\/div><\/div><\/div><\/div><\/div><!-- cell_inner --><\/div><!-- cell --><\/div><!-- port --><\/section><section id=\"bt_bb_section69ecf8823b410\" class=\"bt_bb_section bt_bb_layout_boxed_1200 bt_bb_vertical_align_top bt_bb_top_spacing_medium bt_bb_bottom_spacing_large\"  data-bt-override-class=\"null\"><div class=\"bt_bb_port\"><div class=\"bt_bb_cell\"><div class=\"bt_bb_cell_inner\"><div class=\"bt_bb_row \"  data-bt-override-class=\"{}\"><div class=\"bt_bb_row_holder\" ><div  class=\"bt_bb_column col-xxl-6 col-xl-6 bt_bb_vertical_align_middle bt_bb_align_left bt_bb_padding_normal bt_bb_animation_fade_in animate\" style=\"; --column-width:6;\" data-width=\"6\" data-bt-override-class=\"{}\"><div class=\"bt_bb_column_content\"><div class=\"bt_bb_column_content_inner\"><header data-bb-version=\"5.2.5\" class=\"bt_bb_headline bt_bb_dash_top bt_bb_superheadline bt_bb_subheadline bt_bb_size_large bt_bb_align_inherit\" data-bt-override-class=\"{&quot;bt_bb_size_&quot;:{&quot;current_class&quot;:&quot;bt_bb_size_large&quot;,&quot;def&quot;:&quot;large&quot;},&quot;bt_bb_align_&quot;:{&quot;current_class&quot;:&quot;bt_bb_align_inherit&quot;,&quot;def&quot;:&quot;inherit&quot;}}\"><h2 class=\"bt_bb_headline_tag\"><span class=\"bt_bb_headline_superheadline\">LIDERATGE<\/span><span class=\"bt_bb_headline_content\"><span ><em>La nostra<\/em> missi\u00f3<\/span><\/span><\/h2><div class=\"bt_bb_headline_subheadline\">ERMA ha promogut m\u00e9s de 3000 habitatges, m\u00e9s de 1.000.000 de m2 de pol\u00edgons industrials, resid\u00e8ncies i equipaments sanitaris, hotels i edificis d\u2019oficines.La majoria dels desenvolupaments han estat a Catalunya, per\u00f2 tamb\u00e9 ha realitzat importants promocions a Tenerife, Eivissa, Sevilla, Madrid i al Principat d\u2019Andorra.<\/p><br \/>\n<p>Una altra activitat rellevant dins el grup d\u2019empreses \u00e9s l\u2019hostaleria. Ha constru\u00eft diversos complexos hotelers.<\/p><br \/>\n<p>Actualment posseeix i explota hotels a la ciutat de Barcelona.<\/p><br \/>\n<p>A l\u2019\u00e0rea patrimonial disposa d\u2019un parc d\u2019habitatges, locals comercials, oficines i aparcaments destinats a l\u2019arrendament.<\/p><br \/>\n<p>Un dels principals actius del grup \u00e9s l\u2019equip hum\u00e0. S\u00f3n professionals amb una gran experi\u00e8ncia en el sector i totalment implicats en el present i en el futur del grup.<\/div><\/header><div class=\"bt_bb_separator bt_bb_border_style_none bt_bb_bottom_spacing_medium\" data-bt-override-class=\"null\"><\/div><\/div><\/div><\/div><div  class=\"bt_bb_column col-xxl-6 col-xl-6 bt_bb_vertical_align_top bt_bb_align_center bt_bb_padding_normal bt_bb_animation_fade_in animate\" style=\"; --column-width:6;\" data-width=\"6\" data-bt-override-class=\"{}\"><div class=\"bt_bb_column_content\"><div class=\"bt_bb_column_content_inner\"><div class=\"bt_bb_image bt_bb_shape_square bt_bb_target_self bt_bb_align_inherit bt_bb_hover_style_zoom-in bt_bb_content_display_always bt_bb_content_align_middle\" data-bt-override-class=\"{&quot;bt_bb_align_&quot;:{&quot;current_class&quot;:&quot;bt_bb_align_inherit&quot;,&quot;def&quot;:&quot;inherit&quot;,&quot;xl&quot;:&quot;inherit&quot;}}\"><span><img loading=\"lazy\" decoding=\"async\" width=\"1920\" height=\"2560\" src=\"https:\/\/erma.plus\/wp-content\/uploads\/2022\/09\/C-1-scaled-1.jpg\" class=\"attachment-full size-full\" alt=\"https:\/\/erma.plus\/wp-content\/uploads\/2022\/09\/C-1-scaled-1.jpg\" data-full_image_src=\"https:\/\/erma.plus\/wp-content\/uploads\/2022\/09\/C-1-scaled-1.jpg\" title=\"C-1-scaled\" srcset=\"https:\/\/erma.plus\/wp-content\/uploads\/2022\/09\/C-1-scaled-1.jpg 1920w, https:\/\/erma.plus\/wp-content\/uploads\/2022\/09\/C-1-scaled-1-640x853.jpg 640w, https:\/\/erma.plus\/wp-content\/uploads\/2022\/09\/C-1-scaled-1-1280x1707.jpg 1280w, https:\/\/erma.plus\/wp-content\/uploads\/2022\/09\/C-1-scaled-1-768x1024.jpg 768w, https:\/\/erma.plus\/wp-content\/uploads\/2022\/09\/C-1-scaled-1-1152x1536.jpg 1152w, https:\/\/erma.plus\/wp-content\/uploads\/2022\/09\/C-1-scaled-1-1536x2048.jpg 1536w, https:\/\/erma.plus\/wp-content\/uploads\/2022\/09\/C-1-scaled-1-320x427.jpg 320w\" sizes=\"auto, (max-width: 1920px) 100vw, 1920px\" \/><\/span><\/div><div class=\"bt_bb_separator bt_bb_border_style_none bt_bb_bottom_spacing_medium\" data-bt-override-class=\"null\"><\/div><\/div><\/div><\/div><\/div><\/div><\/div><!-- cell_inner --><\/div><!-- cell --><\/div><!-- port --><\/section><section id=\"bt_bb_section69ecf8823d3e8\" class=\"bt_bb_section bt_bb_color_scheme_1 bt_bb_layout_boxed_1200 bt_bb_vertical_align_top bt_bb_top_spacing_large bt_bb_bottom_spacing_large\" style=\"; --section-primary-color:#ffffff; --section-secondary-color:#191919;;background-color:#134c7d;\" data-bt-override-class=\"{&quot;bt_bb_top_spacing_&quot;:{&quot;current_class&quot;:&quot;bt_bb_top_spacing_large&quot;,&quot;def&quot;:&quot;large&quot;,&quot;xl&quot;:&quot;large&quot;},&quot;bt_bb_bottom_spacing_&quot;:{&quot;current_class&quot;:&quot;bt_bb_bottom_spacing_large&quot;,&quot;def&quot;:&quot;large&quot;,&quot;xl&quot;:&quot;large&quot;}}\"><div class=\"bt_bb_background_image_holder_wrapper\"><div class=\"bt_bb_background_image_holder btLazyLoadBackground bt_bb_parallax\"  data-background_image_src=\"https:\/\/erma.plus\/wp-content\/uploads\/2022\/09\/abstract-bg02.jpg\" data-parallax=\"0.7\" data-parallax-offset=\"0\" data-parallax-zoom-start=\"1\" data-parallax-zoom-end=\"1\" data-parallax-blur-start=\"0\" data-parallax-blur-end=\"0\" data-parallax-opacity-start=\"1\" data-parallax-opacity-end=\"1\" style=\" background-image: url(&#039;https:\/\/erma.plus\/wp-content\/plugins\/bold-page-builder\/img\/blank.gif&#039;);\"><\/div><\/div><div class=\"bt_bb_port\"><div class=\"bt_bb_cell\"><div class=\"bt_bb_cell_inner\"><div class=\"bt_bb_row  bt_bb_hidden_xs bt_bb_hidden_ms bt_bb_hidden_sm\"  data-bt-override-class=\"{}\"><div class=\"bt_bb_row_holder\" ><div  class=\"bt_bb_column col-xxl-4 col-xl-4 bt_bb_vertical_align_bottom bt_bb_align_left bt_bb_padding_normal bt_bb_animation_fade_in animate\" style=\"; --column-width:4;\" data-width=\"4\" data-bt-override-class=\"{}\"><div class=\"bt_bb_column_content\"><div class=\"bt_bb_column_content_inner\"><header class=\"bt_bb_headline bt_bb_color_scheme_1 bt_bb_dash_top bt_bb_superheadline bt_bb_size_normal bt_bb_align_inherit\" style=\"; --headline-primary-color:#ffffff; --headline-secondary-color:#191919;\" data-bt-override-class=\"{&quot;bt_bb_size_&quot;:{&quot;current_class&quot;:&quot;bt_bb_size_normal&quot;,&quot;def&quot;:&quot;normal&quot;,&quot;xl&quot;:&quot;normal&quot;},&quot;bt_bb_align_&quot;:{&quot;current_class&quot;:&quot;bt_bb_align_inherit&quot;,&quot;def&quot;:&quot;inherit&quot;,&quot;xl&quot;:&quot;inherit&quot;}}\"><h2 class=\"bt_bb_headline_tag\"><span class=\"bt_bb_headline_superheadline\">CONTACTE<\/span><span class=\"bt_bb_headline_content\"><span ><em>Necessites m\u00e9s<\/em> informaci\u00f3?<\/span><\/span><\/h2><\/header><\/div><\/div><\/div><div  class=\"bt_bb_column col-xxl-8 col-xl-8 bt_bb_vertical_align_bottom bt_bb_align_right bt_bb_padding_normal bt_bb_animation_fade_in animate\" style=\"; --column-width:8;\" data-width=\"8\" data-bt-override-class=\"{}\"><div class=\"bt_bb_column_content\"><div class=\"bt_bb_column_content_inner\"><div class=\"bt_bb_service bt_bb_color_scheme_6 bt_bb_style_filled bt_bb_size_large bt_bb_title_size_normal bt_bb_shape_square bt_bb_align_left\" style=\"; --service-primary-color:#ffffff; --service-secondary-color:#e62f1b;\" data-bt-override-class=\"{&quot;bt_bb_size_&quot;:{&quot;current_class&quot;:&quot;bt_bb_size_large&quot;,&quot;def&quot;:&quot;large&quot;,&quot;xl&quot;:&quot;large&quot;},&quot;bt_bb_align_&quot;:{&quot;current_class&quot;:&quot;bt_bb_align_left&quot;,&quot;def&quot;:&quot;left&quot;,&quot;xl&quot;:&quot;left&quot;}}\"><a href=\"tel:0034933636030\"  target=\"_self\"  title=\"93 363 60 30\"  data-ico-essential=\"&#xea28;\" class=\"bt_bb_icon_holder\"><\/a><div class=\"bt_bb_service_content\"><a href=\"tel:0034933636030\" target=\"_self\"><div class=\"bt_bb_service_content_supertitle\">TRUCA'NS<\/div><div class=\"bt_bb_service_content_title\">93 363 60 30<\/div><\/a><\/div><\/div><div class=\"bt_bb_service bt_bb_color_scheme_10 bt_bb_style_filled bt_bb_size_large bt_bb_title_size_normal bt_bb_shape_square bt_bb_align_left\" style=\"; --service-primary-color:#ffffff; --service-secondary-color:#333333;\" data-bt-override-class=\"{&quot;bt_bb_size_&quot;:{&quot;current_class&quot;:&quot;bt_bb_size_large&quot;,&quot;def&quot;:&quot;large&quot;,&quot;xl&quot;:&quot;large&quot;},&quot;bt_bb_align_&quot;:{&quot;current_class&quot;:&quot;bt_bb_align_left&quot;,&quot;def&quot;:&quot;left&quot;,&quot;xl&quot;:&quot;left&quot;}}\"><a href=\"\/ca\/contacte\"  target=\"_self\"  title=\"MISSATGE\"  data-ico-icon7stroke=\"&#xe63a;\" class=\"bt_bb_icon_holder\"><\/a><div class=\"bt_bb_service_content\"><a href=\"\/ca\/contacte\" target=\"_self\"><div class=\"bt_bb_service_content_supertitle\">ENVIA'NS UN<\/div><div class=\"bt_bb_service_content_title\">MISSATGE<\/div><\/a><\/div><\/div><\/div><\/div><\/div><\/div><\/div><div class=\"bt_bb_row  bt_bb_hidden_md bt_bb_hidden_lg\"  data-bt-override-class=\"{}\"><div class=\"bt_bb_row_holder\" ><div  class=\"bt_bb_column col-xxl-12 col-xl-12 bt_bb_vertical_align_bottom bt_bb_align_left bt_bb_padding_normal bt_bb_animation_fade_in animate\" style=\"; --column-width:12;\" data-width=\"12\" data-bt-override-class=\"{}\"><div class=\"bt_bb_column_content\"><div class=\"bt_bb_column_content_inner\"><header class=\"bt_bb_headline bt_bb_color_scheme_1 bt_bb_dash_top bt_bb_superheadline bt_bb_size_normal bt_bb_align_inherit\" style=\"; --headline-primary-color:#ffffff; --headline-secondary-color:#191919;\" data-bt-override-class=\"{&quot;bt_bb_size_&quot;:{&quot;current_class&quot;:&quot;bt_bb_size_normal&quot;,&quot;def&quot;:&quot;normal&quot;,&quot;xl&quot;:&quot;normal&quot;},&quot;bt_bb_align_&quot;:{&quot;current_class&quot;:&quot;bt_bb_align_inherit&quot;,&quot;def&quot;:&quot;inherit&quot;,&quot;xl&quot;:&quot;inherit&quot;}}\"><h2 class=\"bt_bb_headline_tag\"><span class=\"bt_bb_headline_superheadline\">CONTACTE<\/span><span class=\"bt_bb_headline_content\"><span ><em>Necessites m\u00e9s<\/em> informaci\u00f3?<\/span><\/span><\/h2><\/header><div class=\"bt_bb_separator bt_bb_border_style_none bt_bb_bottom_spacing_medium\" data-bt-override-class=\"null\"><\/div><div class=\"bt_bb_service bt_bb_color_scheme_6 bt_bb_style_filled bt_bb_size_large bt_bb_title_size_normal bt_bb_shape_square bt_bb_align_left\" style=\"; --service-primary-color:#ffffff; --service-secondary-color:#e62f1b;\" data-bt-override-class=\"{&quot;bt_bb_size_&quot;:{&quot;current_class&quot;:&quot;bt_bb_size_large&quot;,&quot;def&quot;:&quot;large&quot;,&quot;xl&quot;:&quot;large&quot;},&quot;bt_bb_align_&quot;:{&quot;current_class&quot;:&quot;bt_bb_align_left&quot;,&quot;def&quot;:&quot;left&quot;,&quot;xl&quot;:&quot;left&quot;}}\"><a href=\"tel:0034933636030\"  target=\"_self\"  title=\"93 363 60 30\"  data-ico-essential=\"&#xea28;\" class=\"bt_bb_icon_holder\"><\/a><div class=\"bt_bb_service_content\"><a href=\"tel:0034933636030\" target=\"_self\"><div class=\"bt_bb_service_content_supertitle\">TRUCA'NS<\/div><div class=\"bt_bb_service_content_title\">93 363 60 30<\/div><\/a><\/div><\/div><div class=\"bt_bb_separator bt_bb_border_style_none bt_bb_bottom_spacing_small\" data-bt-override-class=\"null\"><\/div><div class=\"bt_bb_service bt_bb_color_scheme_10 bt_bb_style_filled bt_bb_size_large bt_bb_title_size_normal bt_bb_shape_square bt_bb_align_left\" style=\"; --service-primary-color:#ffffff; --service-secondary-color:#333333;\" data-bt-override-class=\"{&quot;bt_bb_size_&quot;:{&quot;current_class&quot;:&quot;bt_bb_size_large&quot;,&quot;def&quot;:&quot;large&quot;,&quot;xl&quot;:&quot;large&quot;},&quot;bt_bb_align_&quot;:{&quot;current_class&quot;:&quot;bt_bb_align_left&quot;,&quot;def&quot;:&quot;left&quot;,&quot;xl&quot;:&quot;left&quot;}}\"><a href=\"\/ca\/contacte\"  target=\"_self\"  title=\"MISSATGE\"  data-ico-icon7stroke=\"&#xe63a;\" class=\"bt_bb_icon_holder\"><\/a><div class=\"bt_bb_service_content\"><a href=\"\/ca\/contacte\" target=\"_self\"><div class=\"bt_bb_service_content_supertitle\">ENVIA'NS UN<\/div><div class=\"bt_bb_service_content_title\">MISSATGE<\/div><\/a><\/div><\/div><div class=\"bt_bb_separator bt_bb_border_style_none bt_bb_bottom_spacing_medium\" data-bt-override-class=\"null\"><\/div><\/div><\/div><\/div><\/div><\/div><\/div><!-- cell_inner --><\/div><!-- cell --><\/div><!-- port --><\/section><\/p>\n","protected":false},"excerpt":{"rendered":"","protected":false},"author":1,"featured_media":0,"parent":0,"menu_order":0,"comment_status":"closed","ping_status":"closed","template":"","meta":{"footnotes":""},"class_list":["post-3739","page","type-page","status-publish","hentry"],"yoast_head":"<!-- This site is optimized with the Yoast SEO plugin v27.4 - https:\/\/yoast.com\/product\/yoast-seo-wordpress\/ -->\n<title>Qui som | Erma<\/title>\n<meta name=\"robots\" content=\"index, follow, max-snippet:-1, max-image-preview:large, max-video-preview:-1\" \/>\n<link rel=\"canonical\" href=\"https:\/\/erma.plus\/ca\/qui-som\/\" \/>\n<meta property=\"og:locale\" content=\"ca_ES\" \/>\n<meta property=\"og:type\" content=\"article\" \/>\n<meta property=\"og:title\" content=\"Qui som | Erma\" \/>\n<meta property=\"og:url\" content=\"https:\/\/erma.plus\/ca\/qui-som\/\" \/>\n<meta property=\"og:site_name\" content=\"Erma\" \/>\n<meta property=\"article:modified_time\" content=\"2025-02-12T16:29:35+00:00\" \/>\n<meta name=\"twitter:card\" content=\"summary_large_image\" \/>\n<meta name=\"twitter:label1\" content=\"Temps estimat de lectura\" \/>\n\t<meta name=\"twitter:data1\" content=\"2 minuts\" \/>\n<script type=\"application\/ld+json\" class=\"yoast-schema-graph\">{\"@context\":\"https:\\\/\\\/schema.org\",\"@graph\":[{\"@type\":\"WebPage\",\"@id\":\"https:\\\/\\\/erma.plus\\\/ca\\\/qui-som\\\/\",\"url\":\"https:\\\/\\\/erma.plus\\\/ca\\\/qui-som\\\/\",\"name\":\"Qui som | Erma\",\"isPartOf\":{\"@id\":\"https:\\\/\\\/erma.plus\\\/ca\\\/#website\"},\"datePublished\":\"2022-09-26T11:46:38+00:00\",\"dateModified\":\"2025-02-12T16:29:35+00:00\",\"breadcrumb\":{\"@id\":\"https:\\\/\\\/erma.plus\\\/ca\\\/qui-som\\\/#breadcrumb\"},\"inLanguage\":\"ca\",\"potentialAction\":[{\"@type\":\"ReadAction\",\"target\":[\"https:\\\/\\\/erma.plus\\\/ca\\\/qui-som\\\/\"]}]},{\"@type\":\"BreadcrumbList\",\"@id\":\"https:\\\/\\\/erma.plus\\\/ca\\\/qui-som\\\/#breadcrumb\",\"itemListElement\":[{\"@type\":\"ListItem\",\"position\":1,\"name\":\"Portada\",\"item\":\"https:\\\/\\\/erma.plus\\\/ca\\\/\"},{\"@type\":\"ListItem\",\"position\":2,\"name\":\"Qui som\"}]},{\"@type\":\"WebSite\",\"@id\":\"https:\\\/\\\/erma.plus\\\/ca\\\/#website\",\"url\":\"https:\\\/\\\/erma.plus\\\/ca\\\/\",\"name\":\"Erma\",\"description\":\"Promocions immobili\u00e0ries\",\"publisher\":{\"@id\":\"https:\\\/\\\/erma.plus\\\/ca\\\/#organization\"},\"potentialAction\":[{\"@type\":\"SearchAction\",\"target\":{\"@type\":\"EntryPoint\",\"urlTemplate\":\"https:\\\/\\\/erma.plus\\\/ca\\\/?s={search_term_string}\"},\"query-input\":{\"@type\":\"PropertyValueSpecification\",\"valueRequired\":true,\"valueName\":\"search_term_string\"}}],\"inLanguage\":\"ca\"},{\"@type\":\"Organization\",\"@id\":\"https:\\\/\\\/erma.plus\\\/ca\\\/#organization\",\"name\":\"Erma\",\"url\":\"https:\\\/\\\/erma.plus\\\/ca\\\/\",\"logo\":{\"@type\":\"ImageObject\",\"inLanguage\":\"ca\",\"@id\":\"https:\\\/\\\/erma.plus\\\/ca\\\/#\\\/schema\\\/logo\\\/image\\\/\",\"url\":\"https:\\\/\\\/erma.plus\\\/wp-content\\\/uploads\\\/2022\\\/09\\\/erma.png\",\"contentUrl\":\"https:\\\/\\\/erma.plus\\\/wp-content\\\/uploads\\\/2022\\\/09\\\/erma.png\",\"width\":277,\"height\":185,\"caption\":\"Erma\"},\"image\":{\"@id\":\"https:\\\/\\\/erma.plus\\\/ca\\\/#\\\/schema\\\/logo\\\/image\\\/\"}}]}<\/script>\n<!-- \/ Yoast SEO plugin. -->","yoast_head_json":{"title":"Qui som | Erma","robots":{"index":"index","follow":"follow","max-snippet":"max-snippet:-1","max-image-preview":"max-image-preview:large","max-video-preview":"max-video-preview:-1"},"canonical":"https:\/\/erma.plus\/ca\/qui-som\/","og_locale":"ca_ES","og_type":"article","og_title":"Qui som | Erma","og_url":"https:\/\/erma.plus\/ca\/qui-som\/","og_site_name":"Erma","article_modified_time":"2025-02-12T16:29:35+00:00","twitter_card":"summary_large_image","twitter_misc":{"Temps estimat de lectura":"2 minuts"},"schema":{"@context":"https:\/\/schema.org","@graph":[{"@type":"WebPage","@id":"https:\/\/erma.plus\/ca\/qui-som\/","url":"https:\/\/erma.plus\/ca\/qui-som\/","name":"Qui som | Erma","isPartOf":{"@id":"https:\/\/erma.plus\/ca\/#website"},"datePublished":"2022-09-26T11:46:38+00:00","dateModified":"2025-02-12T16:29:35+00:00","breadcrumb":{"@id":"https:\/\/erma.plus\/ca\/qui-som\/#breadcrumb"},"inLanguage":"ca","potentialAction":[{"@type":"ReadAction","target":["https:\/\/erma.plus\/ca\/qui-som\/"]}]},{"@type":"BreadcrumbList","@id":"https:\/\/erma.plus\/ca\/qui-som\/#breadcrumb","itemListElement":[{"@type":"ListItem","position":1,"name":"Portada","item":"https:\/\/erma.plus\/ca\/"},{"@type":"ListItem","position":2,"name":"Qui som"}]},{"@type":"WebSite","@id":"https:\/\/erma.plus\/ca\/#website","url":"https:\/\/erma.plus\/ca\/","name":"Erma","description":"Promocions immobili\u00e0ries","publisher":{"@id":"https:\/\/erma.plus\/ca\/#organization"},"potentialAction":[{"@type":"SearchAction","target":{"@type":"EntryPoint","urlTemplate":"https:\/\/erma.plus\/ca\/?s={search_term_string}"},"query-input":{"@type":"PropertyValueSpecification","valueRequired":true,"valueName":"search_term_string"}}],"inLanguage":"ca"},{"@type":"Organization","@id":"https:\/\/erma.plus\/ca\/#organization","name":"Erma","url":"https:\/\/erma.plus\/ca\/","logo":{"@type":"ImageObject","inLanguage":"ca","@id":"https:\/\/erma.plus\/ca\/#\/schema\/logo\/image\/","url":"https:\/\/erma.plus\/wp-content\/uploads\/2022\/09\/erma.png","contentUrl":"https:\/\/erma.plus\/wp-content\/uploads\/2022\/09\/erma.png","width":277,"height":185,"caption":"Erma"},"image":{"@id":"https:\/\/erma.plus\/ca\/#\/schema\/logo\/image\/"}}]}},"_links":{"self":[{"href":"https:\/\/erma.plus\/ca\/wp-json\/wp\/v2\/pages\/3739","targetHints":{"allow":["GET"]}}],"collection":[{"href":"https:\/\/erma.plus\/ca\/wp-json\/wp\/v2\/pages"}],"about":[{"href":"https:\/\/erma.plus\/ca\/wp-json\/wp\/v2\/types\/page"}],"author":[{"embeddable":true,"href":"https:\/\/erma.plus\/ca\/wp-json\/wp\/v2\/users\/1"}],"replies":[{"embeddable":true,"href":"https:\/\/erma.plus\/ca\/wp-json\/wp\/v2\/comments?post=3739"}],"version-history":[{"count":8,"href":"https:\/\/erma.plus\/ca\/wp-json\/wp\/v2\/pages\/3739\/revisions"}],"predecessor-version":[{"id":4238,"href":"https:\/\/erma.plus\/ca\/wp-json\/wp\/v2\/pages\/3739\/revisions\/4238"}],"wp:attachment":[{"href":"https:\/\/erma.plus\/ca\/wp-json\/wp\/v2\/media?parent=3739"}],"curies":[{"name":"wp","href":"https:\/\/api.w.org\/{rel}","templated":true}]}}